{"id":3711,"date":"2021-02-22T13:33:45","date_gmt":"2021-02-22T10:33:45","guid":{"rendered":"https:\/\/nano.tc\/k-v-k-k\/"},"modified":"2025-02-21T18:50:41","modified_gmt":"2025-02-21T15:50:41","slug":"k-v-k-k","status":"publish","type":"page","link":"https:\/\/nano.tc\/de\/k-v-k-k\/","title":{"rendered":"K.V.K.K."},"content":{"rendered":"<h2 class=\"wp-block-heading\">K.V.K.K.K. Politik<\/h2><p><br\/><strong>Klarstellungstext zum Schutz und zur Verarbeitung personenbezogener Daten<\/strong><\/p><p><br\/>Als <strong>Nano Technology &amp; Design &amp; At\u00f6lye<\/strong> legen wir gro\u00dfen Wert auf die Verarbeitung und den Schutz Ihrer pers\u00f6nlichen Daten im Rahmen des <strong>Datenschutzgesetzes Nr. 6698 (KVKK)<\/strong>.<\/p><h2 class=\"wp-block-heading\">1. der f\u00fcr die Datenverarbeitung Verantwortliche<\/h2><p><br\/>Ihre pers\u00f6nlichen Daten werden von uns als dem f\u00fcr die Datenverarbeitung Verantwortlichen verarbeitet.<\/p><h2 class=\"wp-block-heading\">2. zwecke der Verarbeitung personenbezogener Daten<\/h2><ul class=\"wp-block-list\"><li>Bereitstellung und Entwicklung unserer Dienstleistungen.<\/li>\n\n<li>Erledigung von Anfragen und Beschwerden.<\/li>\n\n<li>Durchf\u00fchrung von Marketing-, Werbe- und Kommunikationsaktivit\u00e4ten.<\/li>\n\n<li>Erf\u00fcllung gesetzlicher und administrativer Verpflichtungen.<\/li><\/ul><h2 class=\"wp-block-heading\">3. verarbeitete personenbezogene Daten<\/h2><ul class=\"wp-block-list\"><li>Angaben zur Identit\u00e4t (Vorname, Nachname, Steueridentifikationsnummer).<\/li>\n\n<li>Kontaktinformationen (Telefon, E-Mail).<\/li>\n\n<li>Informationen zur Nutzung der Website (IP-Adresse, Cookie-Daten).<\/li><\/ul><h2 class=\"wp-block-heading\">4. die \u00dcbertragung von Daten<\/h2><p>Ihre pers\u00f6nlichen Daten k\u00f6nnen im Rahmen der KVKK und der einschl\u00e4gigen Gesetzgebung in den folgenden F\u00e4llen \u00fcbermittelt werden:<\/p><ul class=\"wp-block-list\"><li>Einschl\u00e4gige offizielle Institutionen und Organisationen.<\/li>\n\n<li>Gesch\u00e4ftspartner und Lieferanten.<\/li><\/ul><h2 class=\"wp-block-heading\">5. die Rechte der betroffenen Person<\/h2><p>Die Rechte, die Sie gem\u00e4\u00df Artikel 11 der KVKK haben, sind wie folgt: <\/p><ul class=\"wp-block-list\"><li>Um herauszufinden, ob Ihre pers\u00f6nlichen Daten verarbeitet werden.<\/li>\n\n<li>Falls bearbeitet, um Informationen dar\u00fcber anzufordern.<\/li>\n\n<li>Um den Zweck der Verarbeitung zu erfahren.<\/li>\n\n<li>die Berichtigung falscher oder unvollst\u00e4ndig verarbeiteter Daten verlangen.<\/li>\n\n<li>Um die L\u00f6schung oder Vernichtung von pers\u00f6nlichen Daten zu beantragen.<\/li><\/ul><h2 class=\"wp-block-heading\">6. die Datensicherheit<\/h2><p>Ihre pers\u00f6nlichen Daten werden durch Sicherheitsma\u00dfnahmen vor unbefugtem Zugriff gesch\u00fctzt.<\/p><h2 class=\"wp-block-heading\">7. kommunikation<\/h2><p>Sie k\u00f6nnen uns f\u00fcr alle Anfragen und Antr\u00e4ge bez\u00fcglich Ihrer pers\u00f6nlichen Daten kontaktieren:<\/p><p><strong>E-Mail:<\/strong> <a href=\"mailto:info@nano.tc\" data-type=\"mailto\" data-id=\"mailto:info@nano.tc\">info@nano.tc<\/a><\/p><p><strong>Telefon:<\/strong> <a href=\"tel:905424157253\" data-type=\"tel\" data-id=\"tel:905424157253\">0542 415 72 53<\/a><\/p><p><strong>Adresse:<\/strong> Yeni Dikkald\u0131r\u0131m Mahallesi, Stad Caddesi No : 16\/AM, 16010. Osmangazi, Bursa, T\u00fcrkei <\/p><p><\/p><p><strong>Hinweis:<\/strong> Diese Seite wurde aktualisiert am <strong>27. Dezember 2024, 15:20<\/strong>. Aktualisierungen k\u00f6nnen vorgenommen werden, wenn dies zur Verbesserung des Inhalts oder zur Einhaltung von Gesetzen f\u00fcr notwendig erachtet wird. <\/p>","protected":false},"excerpt":{"rendered":"<p>K.V.K.K.K. Politik Klarstellungstext zum Schutz und zur Verarbeitung personenbezogener Daten Als Nano Technology &amp; Design &amp; At\u00f6lye legen wir gro\u00dfen Wert auf die Verarbeitung und den Schutz Ihrer pers\u00f6nlichen Daten im Rahmen des Datenschutzgesetzes Nr. 6698 (KVKK). 1. der f\u00fcr die Datenverarbeitung Verantwortliche Ihre pers\u00f6nlichen Daten werden von uns als dem f\u00fcr die Datenverarbeitung Verantwortlichen [&hellip;]<\/p>\n","protected":false},"author":1,"featured_media":0,"parent":0,"menu_order":0,"comment_status":"closed","ping_status":"closed","template":"","meta":{"inline_featured_image":false,"_joinchat":[],"footnotes":""},"class_list":["post-3711","page","type-page","status-publish","hentry"],"_links":{"self":[{"href":"https:\/\/nano.tc\/de\/wp-json\/wp\/v2\/pages\/3711","targetHints":{"allow":["GET"]}}],"collection":[{"href":"https:\/\/nano.tc\/de\/wp-json\/wp\/v2\/pages"}],"about":[{"href":"https:\/\/nano.tc\/de\/wp-json\/wp\/v2\/types\/page"}],"author":[{"embeddable":true,"href":"https:\/\/nano.tc\/de\/wp-json\/wp\/v2\/users\/1"}],"replies":[{"embeddable":true,"href":"https:\/\/nano.tc\/de\/wp-json\/wp\/v2\/comments?post=3711"}],"version-history":[{"count":1,"href":"https:\/\/nano.tc\/de\/wp-json\/wp\/v2\/pages\/3711\/revisions"}],"predecessor-version":[{"id":3719,"href":"https:\/\/nano.tc\/de\/wp-json\/wp\/v2\/pages\/3711\/revisions\/3719"}],"wp:attachment":[{"href":"https:\/\/nano.tc\/de\/wp-json\/wp\/v2\/media?parent=3711"}],"curies":[{"name":"wp","href":"https:\/\/api.w.org\/{rel}","templated":true}]}}