{"id":3799,"date":"2025-01-10T11:33:33","date_gmt":"2025-01-10T08:33:33","guid":{"rendered":"https:\/\/nano.tc\/urun\/ozonschicht\/"},"modified":"2025-02-21T18:54:14","modified_gmt":"2025-02-21T15:54:14","slug":"ozonschicht","status":"publish","type":"product","link":"https:\/\/nano.tc\/de\/urun\/ozonschicht\/","title":{"rendered":"Ozonschicht"},"content":{"rendered":"","protected":false},"excerpt":{"rendered":"<p>Es handelt sich um ein interaktives Ger\u00e4t, bei dem die Ver\u00e4nderung der Ozonschicht \u00fcber der Antarktis im Laufe der Jahre auf der Halbkugel auf dem Tisch dargestellt wird. Der Jahresschieberegler beginnt bei 1979 und reicht bis zu dem Jahr mit den aktuellsten Daten. <\/p>\n","protected":false},"featured_media":3802,"template":"","meta":{"inline_featured_image":false,"_joinchat":[]},"product_brand":[],"product_cat":[491],"product_tag":[],"class_list":{"0":"post-3799","1":"product","2":"type-product","3":"status-publish","4":"has-post-thumbnail","6":"product_cat-katastrophenbewusstsein","7":"pa_boyut-80-150-75-de","8":"pa_kisi-sayisi-1-de","9":"pa_yas-6-de","11":"first","12":"instock","13":"shipping-taxable","14":"purchasable","15":"product-type-simple"},"_links":{"self":[{"href":"https:\/\/nano.tc\/de\/wp-json\/wp\/v2\/product\/3799","targetHints":{"allow":["GET"]}}],"collection":[{"href":"https:\/\/nano.tc\/de\/wp-json\/wp\/v2\/product"}],"about":[{"href":"https:\/\/nano.tc\/de\/wp-json\/wp\/v2\/types\/product"}],"wp:featuredmedia":[{"embeddable":true,"href":"https:\/\/nano.tc\/de\/wp-json\/wp\/v2\/media\/3802"}],"wp:attachment":[{"href":"https:\/\/nano.tc\/de\/wp-json\/wp\/v2\/media?parent=3799"}],"wp:term":[{"taxonomy":"product_brand","embeddable":true,"href":"https:\/\/nano.tc\/de\/wp-json\/wp\/v2\/product_brand?post=3799"},{"taxonomy":"product_cat","embeddable":true,"href":"https:\/\/nano.tc\/de\/wp-json\/wp\/v2\/product_cat?post=3799"},{"taxonomy":"product_tag","embeddable":true,"href":"https:\/\/nano.tc\/de\/wp-json\/wp\/v2\/product_tag?post=3799"}],"curies":[{"name":"wp","href":"https:\/\/api.w.org\/{rel}","templated":true}]}}