{"id":3851,"date":"2025-01-10T11:33:33","date_gmt":"2025-01-10T08:33:33","guid":{"rendered":"https:\/\/nano.tc\/urun\/richter-skala\/"},"modified":"2025-01-10T11:33:33","modified_gmt":"2025-01-10T08:33:33","slug":"richter-skala","status":"publish","type":"product","link":"https:\/\/nano.tc\/de\/urun\/richter-skala\/","title":{"rendered":"Richter-Skala"},"content":{"rendered":"","protected":false},"excerpt":{"rendered":"<p>Auf dem Tisch 2023 T\u00fcrkei-Syrien Erdbeben, 2020 T\u00fcrkei Seferihisar Erdbeben, 2010 Chile Erdbeben, 2004 Indischer Ozean Erdbeben Auf dem Tisch befinden sich Tasten. In dem Ger\u00e4t, das nach der Logik der Nadelskala funktioniert, wird die ausgew\u00e4hlte Taste gedr\u00fcckt. Die Nadel auf dem Tisch zeigt die St\u00e4rke des Erdbebens an, die dem Energie\u00e4quivalent des Ereignisses auf dieser Taste entspricht.<\/p>\n","protected":false},"featured_media":3856,"template":"","meta":{"inline_featured_image":false,"_joinchat":[]},"product_brand":[],"product_cat":[491],"product_tag":[],"class_list":{"0":"post-3851","1":"product","2":"type-product","3":"status-publish","4":"has-post-thumbnail","6":"product_cat-katastrophenbewusstsein","7":"pa_boyut-80-150-75-de","8":"pa_kisi-sayisi-1-de","9":"pa_yas-6-de","11":"first","12":"instock","13":"shipping-taxable","14":"purchasable","15":"product-type-simple"},"_links":{"self":[{"href":"https:\/\/nano.tc\/de\/wp-json\/wp\/v2\/product\/3851","targetHints":{"allow":["GET"]}}],"collection":[{"href":"https:\/\/nano.tc\/de\/wp-json\/wp\/v2\/product"}],"about":[{"href":"https:\/\/nano.tc\/de\/wp-json\/wp\/v2\/types\/product"}],"wp:featuredmedia":[{"embeddable":true,"href":"https:\/\/nano.tc\/de\/wp-json\/wp\/v2\/media\/3856"}],"wp:attachment":[{"href":"https:\/\/nano.tc\/de\/wp-json\/wp\/v2\/media?parent=3851"}],"wp:term":[{"taxonomy":"product_brand","embeddable":true,"href":"https:\/\/nano.tc\/de\/wp-json\/wp\/v2\/product_brand?post=3851"},{"taxonomy":"product_cat","embeddable":true,"href":"https:\/\/nano.tc\/de\/wp-json\/wp\/v2\/product_cat?post=3851"},{"taxonomy":"product_tag","embeddable":true,"href":"https:\/\/nano.tc\/de\/wp-json\/wp\/v2\/product_tag?post=3851"}],"curies":[{"name":"wp","href":"https:\/\/api.w.org\/{rel}","templated":true}]}}