{"id":3884,"date":"2025-01-10T11:36:35","date_gmt":"2025-01-10T08:36:35","guid":{"rendered":"https:\/\/nano.tc\/urun\/newton-kugeln\/"},"modified":"2025-01-10T11:36:35","modified_gmt":"2025-01-10T08:36:35","slug":"newton-kugeln","status":"publish","type":"product","link":"https:\/\/nano.tc\/de\/urun\/newton-kugeln\/","title":{"rendered":"Newton-Kugeln"},"content":{"rendered":"","protected":false},"excerpt":{"rendered":"<p>Sobald die erste Kugel gezogen und losgelassen wird, gewinnt sie an Geschwindigkeit. Die physikalische Gr\u00f6\u00dfe<br \/>\n, die sich aus dem Produkt aus dieser Geschwindigkeit und der Masse der Kugel ergibt, wird Impuls genannt. Da die Kugeln die gleiche Masse haben<br \/>\n, \u00fcbertr\u00e4gt die erste Kugel, sobald sie auf die daneben liegende Kugel trifft, ihren Impuls auf die andere Kugel, gem\u00e4\u00df dem Prinzip der Impulserhaltung<br \/>\n. Auf diese Weise wird die \u00dcbertragung<br \/>\n abgeschlossen und die n\u00e4chste Kugel hat den gleichen Impuls wie die letzte Kugel. Da die Massen und der<br \/>\n Impuls gleich sind, wird sich die letzte Kugel mit der Geschwindigkeit<br \/>\n der ersten Kugel bewegen.e   <\/p>\n","protected":false},"featured_media":3890,"template":"","meta":{"inline_featured_image":false,"_joinchat":[]},"product_brand":[],"product_cat":[410],"product_tag":[],"class_list":{"0":"post-3884","1":"product","2":"type-product","3":"status-publish","4":"has-post-thumbnail","6":"product_cat-basiswissenschaften","7":"pa_boyut-80-150-75-de","8":"pa_kisi-sayisi-1-de","9":"pa_yas-7-de","11":"first","12":"instock","13":"shipping-taxable","14":"purchasable","15":"product-type-simple"},"_links":{"self":[{"href":"https:\/\/nano.tc\/de\/wp-json\/wp\/v2\/product\/3884","targetHints":{"allow":["GET"]}}],"collection":[{"href":"https:\/\/nano.tc\/de\/wp-json\/wp\/v2\/product"}],"about":[{"href":"https:\/\/nano.tc\/de\/wp-json\/wp\/v2\/types\/product"}],"wp:featuredmedia":[{"embeddable":true,"href":"https:\/\/nano.tc\/de\/wp-json\/wp\/v2\/media\/3890"}],"wp:attachment":[{"href":"https:\/\/nano.tc\/de\/wp-json\/wp\/v2\/media?parent=3884"}],"wp:term":[{"taxonomy":"product_brand","embeddable":true,"href":"https:\/\/nano.tc\/de\/wp-json\/wp\/v2\/product_brand?post=3884"},{"taxonomy":"product_cat","embeddable":true,"href":"https:\/\/nano.tc\/de\/wp-json\/wp\/v2\/product_cat?post=3884"},{"taxonomy":"product_tag","embeddable":true,"href":"https:\/\/nano.tc\/de\/wp-json\/wp\/v2\/product_tag?post=3884"}],"curies":[{"name":"wp","href":"https:\/\/api.w.org\/{rel}","templated":true}]}}