{"id":3889,"date":"2025-01-10T11:36:08","date_gmt":"2025-01-10T08:36:08","guid":{"rendered":"https:\/\/nano.tc\/urun\/pixel\/"},"modified":"2025-01-10T11:36:08","modified_gmt":"2025-01-10T08:36:08","slug":"pixel","status":"publish","type":"product","link":"https:\/\/nano.tc\/de\/urun\/pixel\/","title":{"rendered":"Pixel"},"content":{"rendered":"","protected":false},"excerpt":{"rendered":"<p>Die Besucher dr\u00fccken ihren K\u00f6rper gegen eine Seite der Pixelwand, wodurch bestimmte Bl\u00f6cke und Stifte durch den Rahmen geschoben werden und ein Bild auf der anderen Seite entsteht. Es gibt auch einen Medienkiosk, der mit den Pixelw\u00e4nden verbunden ist und reale Beispiele f\u00fcr hoch- und niedrigaufl\u00f6sende Bilder zeigt. Die Bilder sind die gleichen, aber Sie k\u00f6nnen heranzoomen, um unglaubliche Details in hoher Aufl\u00f6sung zu sehen. <\/p>\n","protected":false},"featured_media":3897,"template":"","meta":{"inline_featured_image":false,"_joinchat":[]},"product_brand":[],"product_cat":[502],"product_tag":[],"class_list":{"0":"post-3889","1":"product","2":"type-product","3":"status-publish","4":"has-post-thumbnail","6":"product_cat-technologie","7":"pa_boyut-200-30-200-de","8":"pa_kisi-sayisi-2-de","9":"pa_yas-8-de","11":"first","12":"instock","13":"shipping-taxable","14":"purchasable","15":"product-type-simple"},"_links":{"self":[{"href":"https:\/\/nano.tc\/de\/wp-json\/wp\/v2\/product\/3889","targetHints":{"allow":["GET"]}}],"collection":[{"href":"https:\/\/nano.tc\/de\/wp-json\/wp\/v2\/product"}],"about":[{"href":"https:\/\/nano.tc\/de\/wp-json\/wp\/v2\/types\/product"}],"wp:featuredmedia":[{"embeddable":true,"href":"https:\/\/nano.tc\/de\/wp-json\/wp\/v2\/media\/3897"}],"wp:attachment":[{"href":"https:\/\/nano.tc\/de\/wp-json\/wp\/v2\/media?parent=3889"}],"wp:term":[{"taxonomy":"product_brand","embeddable":true,"href":"https:\/\/nano.tc\/de\/wp-json\/wp\/v2\/product_brand?post=3889"},{"taxonomy":"product_cat","embeddable":true,"href":"https:\/\/nano.tc\/de\/wp-json\/wp\/v2\/product_cat?post=3889"},{"taxonomy":"product_tag","embeddable":true,"href":"https:\/\/nano.tc\/de\/wp-json\/wp\/v2\/product_tag?post=3889"}],"curies":[{"name":"wp","href":"https:\/\/api.w.org\/{rel}","templated":true}]}}