{"id":3928,"date":"2025-01-10T11:37:05","date_gmt":"2025-01-10T08:37:05","guid":{"rendered":"https:\/\/nano.tc\/urun\/protein-produktionslinie\/"},"modified":"2025-01-10T11:37:05","modified_gmt":"2025-01-10T08:37:05","slug":"protein-produktionslinie","status":"publish","type":"product","link":"https:\/\/nano.tc\/de\/urun\/protein-produktionslinie\/","title":{"rendered":"Protein-Produktionslinie"},"content":{"rendered":"","protected":false},"excerpt":{"rendered":"<p>Der Besucher aktiviert das Ger\u00e4t, indem er die Taste auf dem Tisch dr\u00fcckt. Vom Besucher wird erwartet, dass er die vor ihm liegenden Puzzleteile so sortiert, dass sie der Reihenfolge entsprechen, die er auf dem Bildschirm sieht. Der Besucher erkennt die Sequenz anhand der Form und der Namen der Aminos\u00e4uren und \u00fcberpr\u00fcft die Korrektheit, indem er den Knopf dr\u00fcckt. Wenn die Sequenz korrekt ist, erscheint die richtige Markierung auf dem Bildschirm und die Schritte der Proteinsynthese werden anhand der Animation auf dem Bildschirm fortgesetzt.   <\/p>\n","protected":false},"featured_media":3934,"template":"","meta":{"inline_featured_image":false,"_joinchat":[]},"product_brand":[],"product_cat":[407],"product_tag":[],"class_list":{"0":"post-3928","1":"product","2":"type-product","3":"status-publish","4":"has-post-thumbnail","6":"product_cat-medizin","7":"pa_boyut-80-150-75-de","8":"pa_kisi-sayisi-1-de","9":"pa_yas-8-de","11":"first","12":"instock","13":"shipping-taxable","14":"purchasable","15":"product-type-simple"},"_links":{"self":[{"href":"https:\/\/nano.tc\/de\/wp-json\/wp\/v2\/product\/3928","targetHints":{"allow":["GET"]}}],"collection":[{"href":"https:\/\/nano.tc\/de\/wp-json\/wp\/v2\/product"}],"about":[{"href":"https:\/\/nano.tc\/de\/wp-json\/wp\/v2\/types\/product"}],"wp:featuredmedia":[{"embeddable":true,"href":"https:\/\/nano.tc\/de\/wp-json\/wp\/v2\/media\/3934"}],"wp:attachment":[{"href":"https:\/\/nano.tc\/de\/wp-json\/wp\/v2\/media?parent=3928"}],"wp:term":[{"taxonomy":"product_brand","embeddable":true,"href":"https:\/\/nano.tc\/de\/wp-json\/wp\/v2\/product_brand?post=3928"},{"taxonomy":"product_cat","embeddable":true,"href":"https:\/\/nano.tc\/de\/wp-json\/wp\/v2\/product_cat?post=3928"},{"taxonomy":"product_tag","embeddable":true,"href":"https:\/\/nano.tc\/de\/wp-json\/wp\/v2\/product_tag?post=3928"}],"curies":[{"name":"wp","href":"https:\/\/api.w.org\/{rel}","templated":true}]}}