{"id":3976,"date":"2025-01-10T11:35:45","date_gmt":"2025-01-10T08:35:45","guid":{"rendered":"https:\/\/nano.tc\/urun\/digitale-pheromon-falle\/"},"modified":"2025-01-10T11:35:45","modified_gmt":"2025-01-10T08:35:45","slug":"digitale-pheromon-falle","status":"publish","type":"product","link":"https:\/\/nano.tc\/de\/urun\/digitale-pheromon-falle\/","title":{"rendered":"Digitale Pheromon-Falle"},"content":{"rendered":"","protected":false},"excerpt":{"rendered":"<p>Die Besucher k\u00f6nnen die Sch\u00e4dlinge sehen, indem sie an den Plexiglasschichten in der Plexiglasbox ziehen. Gleichzeitig k\u00f6nnen sie die Logik der digitalen Pheromonfalle anhand des auf dem Bildschirm rotierenden Videos und der Grafik im Inneren der Falle verstehen.<\/p>\n","protected":false},"featured_media":3980,"template":"","meta":{"inline_featured_image":false,"_joinchat":[]},"product_brand":[],"product_cat":[514],"product_tag":[],"class_list":{"0":"post-3976","1":"product","2":"type-product","3":"status-publish","4":"has-post-thumbnail","6":"product_cat-landwirtschaft-natur","7":"pa_boyut-50-50-100-de","8":"pa_kisi-sayisi-1-de","9":"pa_yas-8-de","11":"first","12":"instock","13":"shipping-taxable","14":"purchasable","15":"product-type-simple"},"_links":{"self":[{"href":"https:\/\/nano.tc\/de\/wp-json\/wp\/v2\/product\/3976","targetHints":{"allow":["GET"]}}],"collection":[{"href":"https:\/\/nano.tc\/de\/wp-json\/wp\/v2\/product"}],"about":[{"href":"https:\/\/nano.tc\/de\/wp-json\/wp\/v2\/types\/product"}],"wp:featuredmedia":[{"embeddable":true,"href":"https:\/\/nano.tc\/de\/wp-json\/wp\/v2\/media\/3980"}],"wp:attachment":[{"href":"https:\/\/nano.tc\/de\/wp-json\/wp\/v2\/media?parent=3976"}],"wp:term":[{"taxonomy":"product_brand","embeddable":true,"href":"https:\/\/nano.tc\/de\/wp-json\/wp\/v2\/product_brand?post=3976"},{"taxonomy":"product_cat","embeddable":true,"href":"https:\/\/nano.tc\/de\/wp-json\/wp\/v2\/product_cat?post=3976"},{"taxonomy":"product_tag","embeddable":true,"href":"https:\/\/nano.tc\/de\/wp-json\/wp\/v2\/product_tag?post=3976"}],"curies":[{"name":"wp","href":"https:\/\/api.w.org\/{rel}","templated":true}]}}