{"id":4032,"date":"2025-01-10T11:34:53","date_gmt":"2025-01-10T08:34:53","guid":{"rendered":"https:\/\/nano.tc\/urun\/fangen-sie-mich\/"},"modified":"2025-01-10T11:34:53","modified_gmt":"2025-01-10T08:34:53","slug":"fangen-sie-mich","status":"publish","type":"product","link":"https:\/\/nano.tc\/de\/urun\/fangen-sie-mich\/","title":{"rendered":"Fangen Sie mich"},"content":{"rendered":"","protected":false},"excerpt":{"rendered":"<p>Das Ger\u00e4t besteht aus insgesamt 50 Tasten und 2 digitalen Anzeigen. Der Besucher, der versucht, die zuf\u00e4llig leuchtenden Tasten des Ger\u00e4ts zu dr\u00fccken, kann sich mit seinen Freunden oder sich selbst messen.<\/p>\n","protected":false},"featured_media":4036,"template":"","meta":{"inline_featured_image":false,"_joinchat":[]},"product_brand":[],"product_cat":[515],"product_tag":[],"class_list":{"0":"post-4032","1":"product","2":"type-product","3":"status-publish","4":"has-post-thumbnail","6":"product_cat-mini-erfinder","7":"pa_boyut-200-30-200-de","8":"pa_kisi-sayisi-1-de","9":"pa_yas-7-de","11":"first","12":"instock","13":"shipping-taxable","14":"purchasable","15":"product-type-simple"},"_links":{"self":[{"href":"https:\/\/nano.tc\/de\/wp-json\/wp\/v2\/product\/4032","targetHints":{"allow":["GET"]}}],"collection":[{"href":"https:\/\/nano.tc\/de\/wp-json\/wp\/v2\/product"}],"about":[{"href":"https:\/\/nano.tc\/de\/wp-json\/wp\/v2\/types\/product"}],"wp:featuredmedia":[{"embeddable":true,"href":"https:\/\/nano.tc\/de\/wp-json\/wp\/v2\/media\/4036"}],"wp:attachment":[{"href":"https:\/\/nano.tc\/de\/wp-json\/wp\/v2\/media?parent=4032"}],"wp:term":[{"taxonomy":"product_brand","embeddable":true,"href":"https:\/\/nano.tc\/de\/wp-json\/wp\/v2\/product_brand?post=4032"},{"taxonomy":"product_cat","embeddable":true,"href":"https:\/\/nano.tc\/de\/wp-json\/wp\/v2\/product_cat?post=4032"},{"taxonomy":"product_tag","embeddable":true,"href":"https:\/\/nano.tc\/de\/wp-json\/wp\/v2\/product_tag?post=4032"}],"curies":[{"name":"wp","href":"https:\/\/api.w.org\/{rel}","templated":true}]}}