{"id":4046,"date":"2025-01-10T11:35:44","date_gmt":"2025-01-10T08:35:44","guid":{"rendered":"https:\/\/nano.tc\/urun\/wasserkreislauf-zu-hause\/"},"modified":"2025-01-10T11:35:44","modified_gmt":"2025-01-10T08:35:44","slug":"wasserkreislauf-zu-hause","status":"publish","type":"product","link":"https:\/\/nano.tc\/de\/urun\/wasserkreislauf-zu-hause\/","title":{"rendered":"Wasserkreislauf zu Hause"},"content":{"rendered":"","protected":false},"excerpt":{"rendered":"<p>Es ist ein Ger\u00e4t, das Sie dazu einl\u00e4dt, den Wasserkreislauf zu Hause durch die Konzepte des blauen Wassers, des grauen Wassers und des Abwassers neu zu \u00fcberdenken. Die Verwendungsbereiche von Leitungs- und Regenwasser zu Hause werden interaktiv durch Rohre erlernt. Wenn die Rohre richtig angeschlossen sind, leuchten an den Anschlussstellen LED-Lichter auf.  <\/p>\n","protected":false},"featured_media":4049,"template":"","meta":{"inline_featured_image":false,"_joinchat":[]},"product_brand":[],"product_cat":[521],"product_tag":[],"class_list":{"0":"post-4046","1":"product","2":"type-product","3":"status-publish","4":"has-post-thumbnail","6":"product_cat-die-reise-des-wassers","7":"pa_boyut-200-30-200-de","8":"pa_kisi-sayisi-3-de","9":"pa_yas-7-de","11":"first","12":"instock","13":"shipping-taxable","14":"purchasable","15":"product-type-simple"},"_links":{"self":[{"href":"https:\/\/nano.tc\/de\/wp-json\/wp\/v2\/product\/4046","targetHints":{"allow":["GET"]}}],"collection":[{"href":"https:\/\/nano.tc\/de\/wp-json\/wp\/v2\/product"}],"about":[{"href":"https:\/\/nano.tc\/de\/wp-json\/wp\/v2\/types\/product"}],"wp:featuredmedia":[{"embeddable":true,"href":"https:\/\/nano.tc\/de\/wp-json\/wp\/v2\/media\/4049"}],"wp:attachment":[{"href":"https:\/\/nano.tc\/de\/wp-json\/wp\/v2\/media?parent=4046"}],"wp:term":[{"taxonomy":"product_brand","embeddable":true,"href":"https:\/\/nano.tc\/de\/wp-json\/wp\/v2\/product_brand?post=4046"},{"taxonomy":"product_cat","embeddable":true,"href":"https:\/\/nano.tc\/de\/wp-json\/wp\/v2\/product_cat?post=4046"},{"taxonomy":"product_tag","embeddable":true,"href":"https:\/\/nano.tc\/de\/wp-json\/wp\/v2\/product_tag?post=4046"}],"curies":[{"name":"wp","href":"https:\/\/api.w.org\/{rel}","templated":true}]}}