{"id":4048,"date":"2025-01-10T11:34:27","date_gmt":"2025-01-10T08:34:27","guid":{"rendered":"https:\/\/nano.tc\/urun\/meer-reinigung-spiel\/"},"modified":"2025-02-21T19:10:32","modified_gmt":"2025-02-21T16:10:32","slug":"meer-reinigung-spiel","status":"publish","type":"product","link":"https:\/\/nano.tc\/de\/urun\/meer-reinigung-spiel\/","title":{"rendered":"Meer Reinigung Spiel"},"content":{"rendered":"","protected":false},"excerpt":{"rendered":"<p>Es handelt sich um ein Ger\u00e4t \u00fcber die Auswirkungen von Abf\u00e4llen in den Meeren auf Lebewesen und deren Aussterbezeiten. Die Meeresanimation auf dem Bildschirm enth\u00e4lt lebende Kreaturen und M\u00fcll. Die Besucher versch\u00f6nern das Meer in der Animation, indem sie den M\u00fcll mit dem Hebel und dem Knopf auf dem Tisch einsammeln.  <\/p>\n","protected":false},"featured_media":4092,"template":"","meta":{"inline_featured_image":false,"_joinchat":[]},"product_brand":[],"product_cat":[524],"product_tag":[],"class_list":{"0":"post-4048","1":"product","2":"type-product","3":"status-publish","4":"has-post-thumbnail","6":"product_cat-klima-umwelt","7":"pa_boyut-80-150-75-de","8":"pa_kisi-sayisi-1-de","9":"pa_yas-8-de","11":"first","12":"instock","13":"shipping-taxable","14":"purchasable","15":"product-type-simple"},"_links":{"self":[{"href":"https:\/\/nano.tc\/de\/wp-json\/wp\/v2\/product\/4048","targetHints":{"allow":["GET"]}}],"collection":[{"href":"https:\/\/nano.tc\/de\/wp-json\/wp\/v2\/product"}],"about":[{"href":"https:\/\/nano.tc\/de\/wp-json\/wp\/v2\/types\/product"}],"wp:featuredmedia":[{"embeddable":true,"href":"https:\/\/nano.tc\/de\/wp-json\/wp\/v2\/media\/4092"}],"wp:attachment":[{"href":"https:\/\/nano.tc\/de\/wp-json\/wp\/v2\/media?parent=4048"}],"wp:term":[{"taxonomy":"product_brand","embeddable":true,"href":"https:\/\/nano.tc\/de\/wp-json\/wp\/v2\/product_brand?post=4048"},{"taxonomy":"product_cat","embeddable":true,"href":"https:\/\/nano.tc\/de\/wp-json\/wp\/v2\/product_cat?post=4048"},{"taxonomy":"product_tag","embeddable":true,"href":"https:\/\/nano.tc\/de\/wp-json\/wp\/v2\/product_tag?post=4048"}],"curies":[{"name":"wp","href":"https:\/\/api.w.org\/{rel}","templated":true}]}}