{"id":4110,"date":"2025-01-10T11:37:05","date_gmt":"2025-01-10T08:37:05","guid":{"rendered":"https:\/\/nano.tc\/urun\/sensorium-geschmackssinn\/"},"modified":"2025-02-21T19:07:42","modified_gmt":"2025-02-21T16:07:42","slug":"sensorium-geschmackssinn","status":"publish","type":"product","link":"https:\/\/nano.tc\/de\/urun\/sensorium-geschmackssinn\/","title":{"rendered":"Sensorium :Geschmackssinn"},"content":{"rendered":"","protected":false},"excerpt":{"rendered":"<p>Der Besucher dr\u00fcckt die Kn\u00f6pfe mit den Symbolen f\u00fcr bitter-s\u00fc\u00df-sauer-salzig-bittere Geschmacksrichtungen auf dem Tisch vor ihm und es leuchten verschiedenfarbige Lichter in dem entsprechenden Teil unserer Sprache auf.<\/p>\n","protected":false},"featured_media":4113,"template":"","meta":{"inline_featured_image":false,"_joinchat":[]},"product_brand":[],"product_cat":[407],"product_tag":[],"class_list":{"0":"post-4110","1":"product","2":"type-product","3":"status-publish","4":"has-post-thumbnail","6":"product_cat-medizin","7":"pa_boyut-80-150-75-de","8":"pa_kisi-sayisi-1-de","9":"pa_yas-7-de","11":"first","12":"instock","13":"shipping-taxable","14":"purchasable","15":"product-type-simple"},"_links":{"self":[{"href":"https:\/\/nano.tc\/de\/wp-json\/wp\/v2\/product\/4110","targetHints":{"allow":["GET"]}}],"collection":[{"href":"https:\/\/nano.tc\/de\/wp-json\/wp\/v2\/product"}],"about":[{"href":"https:\/\/nano.tc\/de\/wp-json\/wp\/v2\/types\/product"}],"wp:featuredmedia":[{"embeddable":true,"href":"https:\/\/nano.tc\/de\/wp-json\/wp\/v2\/media\/4113"}],"wp:attachment":[{"href":"https:\/\/nano.tc\/de\/wp-json\/wp\/v2\/media?parent=4110"}],"wp:term":[{"taxonomy":"product_brand","embeddable":true,"href":"https:\/\/nano.tc\/de\/wp-json\/wp\/v2\/product_brand?post=4110"},{"taxonomy":"product_cat","embeddable":true,"href":"https:\/\/nano.tc\/de\/wp-json\/wp\/v2\/product_cat?post=4110"},{"taxonomy":"product_tag","embeddable":true,"href":"https:\/\/nano.tc\/de\/wp-json\/wp\/v2\/product_tag?post=4110"}],"curies":[{"name":"wp","href":"https:\/\/api.w.org\/{rel}","templated":true}]}}