{"id":4150,"date":"2025-01-10T11:35:19","date_gmt":"2025-01-10T08:35:19","guid":{"rendered":"https:\/\/nano.tc\/urun\/bauen-sie-ihren-eigenen-roboter\/"},"modified":"2025-01-10T11:35:19","modified_gmt":"2025-01-10T08:35:19","slug":"bauen-sie-ihren-eigenen-roboter","status":"publish","type":"product","link":"https:\/\/nano.tc\/de\/urun\/bauen-sie-ihren-eigenen-roboter\/","title":{"rendered":"Bauen Sie Ihren eigenen Roboter"},"content":{"rendered":"","protected":false},"excerpt":{"rendered":"<p>Es ist ein lehrreiches und lustiges Set, mit dem Sie Ihren eigenen Roboter bauen k\u00f6nnen, indem Sie die Teile kombinieren. Geeignet f\u00fcr Robotik-Workshops und MINT-Lehrpl\u00e4ne. Es gibt zwei Typen: einfach und fortgeschritten.  <\/p>\n","protected":false},"featured_media":4156,"template":"","meta":{"inline_featured_image":false,"_joinchat":[]},"product_brand":[],"product_cat":[505],"product_tag":[],"class_list":{"0":"post-4150","1":"product","2":"type-product","3":"status-publish","4":"has-post-thumbnail","6":"product_cat-robotik-de","7":"pa_boyut-80-150-75-de","8":"pa_kisi-sayisi-1-de","9":"pa_yas-8-de","11":"first","12":"instock","13":"shipping-taxable","14":"purchasable","15":"product-type-simple"},"_links":{"self":[{"href":"https:\/\/nano.tc\/de\/wp-json\/wp\/v2\/product\/4150","targetHints":{"allow":["GET"]}}],"collection":[{"href":"https:\/\/nano.tc\/de\/wp-json\/wp\/v2\/product"}],"about":[{"href":"https:\/\/nano.tc\/de\/wp-json\/wp\/v2\/types\/product"}],"wp:featuredmedia":[{"embeddable":true,"href":"https:\/\/nano.tc\/de\/wp-json\/wp\/v2\/media\/4156"}],"wp:attachment":[{"href":"https:\/\/nano.tc\/de\/wp-json\/wp\/v2\/media?parent=4150"}],"wp:term":[{"taxonomy":"product_brand","embeddable":true,"href":"https:\/\/nano.tc\/de\/wp-json\/wp\/v2\/product_brand?post=4150"},{"taxonomy":"product_cat","embeddable":true,"href":"https:\/\/nano.tc\/de\/wp-json\/wp\/v2\/product_cat?post=4150"},{"taxonomy":"product_tag","embeddable":true,"href":"https:\/\/nano.tc\/de\/wp-json\/wp\/v2\/product_tag?post=4150"}],"curies":[{"name":"wp","href":"https:\/\/api.w.org\/{rel}","templated":true}]}}