{"id":4181,"date":"2025-01-10T11:34:04","date_gmt":"2025-01-10T08:34:04","guid":{"rendered":"https:\/\/nano.tc\/urun\/macht-in-der-stadt\/"},"modified":"2025-01-10T11:34:04","modified_gmt":"2025-01-10T08:34:04","slug":"macht-in-der-stadt","status":"publish","type":"product","link":"https:\/\/nano.tc\/de\/urun\/macht-in-der-stadt\/","title":{"rendered":"Macht in der Stadt"},"content":{"rendered":"","protected":false},"excerpt":{"rendered":"<p>Die Besucher ordnen Spielfiguren, die verschiedene Energietechnologien darstellen, auf einem intelligenten Medientisch an, der den Energiebedarf einer typischen Stadt und des Umlands darstellt. Jeder Spieler, z.B. ein Stadtplaner oder Manager, tr\u00e4gt zu dem animierten Modell bei, indem er Optionen f\u00fcr Energietechnologien ausw\u00e4hlt. Der Tisch reagiert auf die Eingaben der Spieler und zeigt die Ergebnisse jeder Wahl an.  <\/p>\n","protected":false},"featured_media":4189,"template":"","meta":{"inline_featured_image":false,"_joinchat":[]},"product_brand":[],"product_cat":[535],"product_tag":[],"class_list":{"0":"post-4181","1":"product","2":"type-product","3":"status-publish","4":"has-post-thumbnail","6":"product_cat-energie","7":"pa_boyut-80-150-75-de","8":"pa_kisi-sayisi-3-de","9":"pa_yas-7-de","11":"first","12":"instock","13":"shipping-taxable","14":"purchasable","15":"product-type-simple"},"_links":{"self":[{"href":"https:\/\/nano.tc\/de\/wp-json\/wp\/v2\/product\/4181","targetHints":{"allow":["GET"]}}],"collection":[{"href":"https:\/\/nano.tc\/de\/wp-json\/wp\/v2\/product"}],"about":[{"href":"https:\/\/nano.tc\/de\/wp-json\/wp\/v2\/types\/product"}],"wp:featuredmedia":[{"embeddable":true,"href":"https:\/\/nano.tc\/de\/wp-json\/wp\/v2\/media\/4189"}],"wp:attachment":[{"href":"https:\/\/nano.tc\/de\/wp-json\/wp\/v2\/media?parent=4181"}],"wp:term":[{"taxonomy":"product_brand","embeddable":true,"href":"https:\/\/nano.tc\/de\/wp-json\/wp\/v2\/product_brand?post=4181"},{"taxonomy":"product_cat","embeddable":true,"href":"https:\/\/nano.tc\/de\/wp-json\/wp\/v2\/product_cat?post=4181"},{"taxonomy":"product_tag","embeddable":true,"href":"https:\/\/nano.tc\/de\/wp-json\/wp\/v2\/product_tag?post=4181"}],"curies":[{"name":"wp","href":"https:\/\/api.w.org\/{rel}","templated":true}]}}