{"id":4196,"date":"2025-01-10T11:34:27","date_gmt":"2025-01-10T08:34:27","guid":{"rendered":"https:\/\/nano.tc\/urun\/flugzeugkontrolle\/"},"modified":"2025-01-10T11:34:27","modified_gmt":"2025-01-10T08:34:27","slug":"flugzeugkontrolle","status":"publish","type":"product","link":"https:\/\/nano.tc\/de\/urun\/flugzeugkontrolle\/","title":{"rendered":"Flugzeugkontrolle"},"content":{"rendered":"","protected":false},"excerpt":{"rendered":"<p>Der Besucher ber\u00fchrt und bewegt die Kontrollpunkte des Flugzeugs im offenen Teil des Ger\u00e4ts und kann auf diese Weise die Ver\u00e4nderung der Bewegungen des Flugzeugs in der Laterne sehen. Auf diese Weise wird der Besucher Zeuge der Auswirkungen der Kontrollpunkte nicht nur auf die ber\u00fchrte Oberfl\u00e4che, sondern auch auf das Flugzeug. <\/p>\n","protected":false},"featured_media":4198,"template":"","meta":{"inline_featured_image":false,"_joinchat":[]},"product_brand":[],"product_cat":[540],"product_tag":[],"class_list":{"0":"post-4196","1":"product","2":"type-product","3":"status-publish","4":"has-post-thumbnail","6":"product_cat-aviation-de","7":"pa_boyut-80-170-75-de","8":"pa_kisi-sayisi-1-de","9":"pa_yas-8-de","11":"first","12":"instock","13":"shipping-taxable","14":"purchasable","15":"product-type-simple"},"_links":{"self":[{"href":"https:\/\/nano.tc\/de\/wp-json\/wp\/v2\/product\/4196","targetHints":{"allow":["GET"]}}],"collection":[{"href":"https:\/\/nano.tc\/de\/wp-json\/wp\/v2\/product"}],"about":[{"href":"https:\/\/nano.tc\/de\/wp-json\/wp\/v2\/types\/product"}],"wp:featuredmedia":[{"embeddable":true,"href":"https:\/\/nano.tc\/de\/wp-json\/wp\/v2\/media\/4198"}],"wp:attachment":[{"href":"https:\/\/nano.tc\/de\/wp-json\/wp\/v2\/media?parent=4196"}],"wp:term":[{"taxonomy":"product_brand","embeddable":true,"href":"https:\/\/nano.tc\/de\/wp-json\/wp\/v2\/product_brand?post=4196"},{"taxonomy":"product_cat","embeddable":true,"href":"https:\/\/nano.tc\/de\/wp-json\/wp\/v2\/product_cat?post=4196"},{"taxonomy":"product_tag","embeddable":true,"href":"https:\/\/nano.tc\/de\/wp-json\/wp\/v2\/product_tag?post=4196"}],"curies":[{"name":"wp","href":"https:\/\/api.w.org\/{rel}","templated":true}]}}