{"id":4202,"date":"2025-01-10T11:34:01","date_gmt":"2025-01-10T08:34:01","guid":{"rendered":"https:\/\/nano.tc\/urun\/verbrauch-von-elektrizitaet\/"},"modified":"2025-01-10T11:34:01","modified_gmt":"2025-01-10T08:34:01","slug":"verbrauch-von-elektrizitaet","status":"publish","type":"product","link":"https:\/\/nano.tc\/de\/urun\/verbrauch-von-elektrizitaet\/","title":{"rendered":"Verbrauch von Elektrizit\u00e4t"},"content":{"rendered":"","protected":false},"excerpt":{"rendered":"<p>Durch Drehen der Handpedale, ein oder drei Personen gleichzeitig, k\u00f6nnen die Besucher den Betrieb der Ger\u00e4te beobachten, auf die diese Energie \u00fcbertragen wird, indem sie den Generator speisen, der die Bewegungsenergie in elektrische Energie umwandelt, indem sie die Pedale in der Baugruppe drehen. W\u00e4hrend sie die Handpedale drehen, beobachten sie mit der graduellen LED unter dem Sockel, wie stark sie sich drehen. Die Gl\u00fchbirne, der Propeller und das Radio funktionieren so lange, wie die Besucher Strom erzeugen. <\/p>\n","protected":false},"featured_media":4204,"template":"","meta":{"inline_featured_image":false,"_joinchat":[]},"product_brand":[],"product_cat":[535],"product_tag":[],"class_list":{"0":"post-4202","1":"product","2":"type-product","3":"status-publish","4":"has-post-thumbnail","6":"product_cat-energie","7":"pa_kisi-sayisi-3-de-2","8":"pa_yas-8-de","10":"first","11":"instock","12":"shipping-taxable","13":"purchasable","14":"product-type-simple"},"_links":{"self":[{"href":"https:\/\/nano.tc\/de\/wp-json\/wp\/v2\/product\/4202","targetHints":{"allow":["GET"]}}],"collection":[{"href":"https:\/\/nano.tc\/de\/wp-json\/wp\/v2\/product"}],"about":[{"href":"https:\/\/nano.tc\/de\/wp-json\/wp\/v2\/types\/product"}],"wp:featuredmedia":[{"embeddable":true,"href":"https:\/\/nano.tc\/de\/wp-json\/wp\/v2\/media\/4204"}],"wp:attachment":[{"href":"https:\/\/nano.tc\/de\/wp-json\/wp\/v2\/media?parent=4202"}],"wp:term":[{"taxonomy":"product_brand","embeddable":true,"href":"https:\/\/nano.tc\/de\/wp-json\/wp\/v2\/product_brand?post=4202"},{"taxonomy":"product_cat","embeddable":true,"href":"https:\/\/nano.tc\/de\/wp-json\/wp\/v2\/product_cat?post=4202"},{"taxonomy":"product_tag","embeddable":true,"href":"https:\/\/nano.tc\/de\/wp-json\/wp\/v2\/product_tag?post=4202"}],"curies":[{"name":"wp","href":"https:\/\/api.w.org\/{rel}","templated":true}]}}