{"id":4241,"date":"2025-01-10T11:35:44","date_gmt":"2025-01-10T08:35:44","guid":{"rendered":"https:\/\/nano.tc\/urun\/sortierroboter\/"},"modified":"2025-01-10T11:35:44","modified_gmt":"2025-01-10T08:35:44","slug":"sortierroboter","status":"publish","type":"product","link":"https:\/\/nano.tc\/de\/urun\/sortierroboter\/","title":{"rendered":"Sortierroboter"},"content":{"rendered":"","protected":false},"excerpt":{"rendered":"<p>Das Ger\u00e4t hat zwei Tabletts und 2 S\u00e4tze von beweglichen Teilen. Die Besucher rennen mit dem Roboter um die Wette, um die begrenzten Teile von dem Tablett, das ebenfalls auf ihrer Seite aufgestellt ist, zueinander zu bringen. Sowohl der Besucher, der die Taste dr\u00fcckt, als auch der Roboterarm legen die Bl\u00f6cke auf das entsprechende (passende) Tablett. Es stehen drei verschiedene Geschwindigkeitsphasen zur Verf\u00fcgung. Im Idealfall sollte der Roboter die Aufgabe schneller und pr\u00e4ziser erledigen.    <\/p>\n","protected":false},"featured_media":4245,"template":"","meta":{"inline_featured_image":false,"_joinchat":[]},"product_brand":[],"product_cat":[505],"product_tag":[],"class_list":{"0":"post-4241","1":"product","2":"type-product","3":"status-publish","4":"has-post-thumbnail","6":"product_cat-robotik-de","7":"pa_boyut-150-150-75-de","8":"pa_kisi-sayisi-1-de","9":"pa_yas-8-de","11":"first","12":"instock","13":"shipping-taxable","14":"purchasable","15":"product-type-simple"},"_links":{"self":[{"href":"https:\/\/nano.tc\/de\/wp-json\/wp\/v2\/product\/4241","targetHints":{"allow":["GET"]}}],"collection":[{"href":"https:\/\/nano.tc\/de\/wp-json\/wp\/v2\/product"}],"about":[{"href":"https:\/\/nano.tc\/de\/wp-json\/wp\/v2\/types\/product"}],"wp:featuredmedia":[{"embeddable":true,"href":"https:\/\/nano.tc\/de\/wp-json\/wp\/v2\/media\/4245"}],"wp:attachment":[{"href":"https:\/\/nano.tc\/de\/wp-json\/wp\/v2\/media?parent=4241"}],"wp:term":[{"taxonomy":"product_brand","embeddable":true,"href":"https:\/\/nano.tc\/de\/wp-json\/wp\/v2\/product_brand?post=4241"},{"taxonomy":"product_cat","embeddable":true,"href":"https:\/\/nano.tc\/de\/wp-json\/wp\/v2\/product_cat?post=4241"},{"taxonomy":"product_tag","embeddable":true,"href":"https:\/\/nano.tc\/de\/wp-json\/wp\/v2\/product_tag?post=4241"}],"curies":[{"name":"wp","href":"https:\/\/api.w.org\/{rel}","templated":true}]}}