{"id":4248,"date":"2025-01-10T11:35:19","date_gmt":"2025-01-10T08:35:19","guid":{"rendered":"https:\/\/nano.tc\/urun\/marsoberflaeche-und-marsroboter\/"},"modified":"2025-01-10T11:35:19","modified_gmt":"2025-01-10T08:35:19","slug":"marsoberflaeche-und-marsroboter","status":"publish","type":"product","link":"https:\/\/nano.tc\/de\/urun\/marsoberflaeche-und-marsroboter\/","title":{"rendered":"Marsoberfl\u00e4che und Marsroboter"},"content":{"rendered":"","protected":false},"excerpt":{"rendered":"<p>Die Einrichtung besteht aus einem Erkundungsbereich, der so vorbereitet ist, dass er die Oberfl\u00e4che des Planeten Mars darstellt, einem Roboter zur Erkundung der Oberfl\u00e4che und Bildschirmen, die die Erkundungsproben darstellen. Die Besucher sollten in der Lage sein, den Rover mit der Fernbedienung auf der ma\u00dfstabsgetreuen Marsoberfl\u00e4che zu steuern, und wenn sie sich den Proben n\u00e4hern, die auf der Marsoberfl\u00e4che gefunden wurden, sollten sie diese Proben und Informationen auf dem digitalen Bildschirm betrachten k\u00f6nnen. Das Erkundungsgebiet ist ein definierter Bereich, der aus einem sand\u00e4hnlichen Material auf einer Anh\u00f6he vorbereitet wurde.  <\/p>\n","protected":false},"featured_media":4252,"template":"","meta":{"inline_featured_image":false,"_joinchat":[]},"product_brand":[],"product_cat":[505],"product_tag":[],"class_list":{"0":"post-4248","1":"product","2":"type-product","3":"status-publish","4":"has-post-thumbnail","6":"product_cat-robotik-de","7":"pa_boyut-durchmesser-300","8":"pa_kisi-sayisi-1-de","9":"pa_yas-8-de","11":"first","12":"instock","13":"shipping-taxable","14":"purchasable","15":"product-type-simple"},"_links":{"self":[{"href":"https:\/\/nano.tc\/de\/wp-json\/wp\/v2\/product\/4248","targetHints":{"allow":["GET"]}}],"collection":[{"href":"https:\/\/nano.tc\/de\/wp-json\/wp\/v2\/product"}],"about":[{"href":"https:\/\/nano.tc\/de\/wp-json\/wp\/v2\/types\/product"}],"wp:featuredmedia":[{"embeddable":true,"href":"https:\/\/nano.tc\/de\/wp-json\/wp\/v2\/media\/4252"}],"wp:attachment":[{"href":"https:\/\/nano.tc\/de\/wp-json\/wp\/v2\/media?parent=4248"}],"wp:term":[{"taxonomy":"product_brand","embeddable":true,"href":"https:\/\/nano.tc\/de\/wp-json\/wp\/v2\/product_brand?post=4248"},{"taxonomy":"product_cat","embeddable":true,"href":"https:\/\/nano.tc\/de\/wp-json\/wp\/v2\/product_cat?post=4248"},{"taxonomy":"product_tag","embeddable":true,"href":"https:\/\/nano.tc\/de\/wp-json\/wp\/v2\/product_tag?post=4248"}],"curies":[{"name":"wp","href":"https:\/\/api.w.org\/{rel}","templated":true}]}}