{"id":4251,"date":"2025-01-10T11:34:26","date_gmt":"2025-01-10T08:34:26","guid":{"rendered":"https:\/\/nano.tc\/urun\/papierflieger\/"},"modified":"2025-02-21T19:16:29","modified_gmt":"2025-02-21T16:16:29","slug":"papierflieger","status":"publish","type":"product","link":"https:\/\/nano.tc\/de\/urun\/papierflieger\/","title":{"rendered":"Papierflieger"},"content":{"rendered":"","protected":false},"excerpt":{"rendered":"<p>Die Besucher nehmen Papier aus dem Trichter und entwerfen ein Flugzeug. Sie k\u00f6nnen einen Entwurf machen, den sie selbst kennen, oder sie k\u00f6nnen von den Musterentw\u00fcrfen in der Umgebung profitieren. Sie lassen ihre entworfenen Flugzeuge auf die Abschussvorrichtung fallen und stellen den Winkel ein, indem sie den Hebel zum Zielen drehen. Wenn die Neigungseinstellung fertig ist, fliegen sie das Papierflugzeug automatisch, indem sie die Starttaste dr\u00fccken.   <\/p>\n","protected":false},"featured_media":4255,"template":"","meta":{"inline_featured_image":false,"_joinchat":[]},"product_brand":[],"product_cat":[540],"product_tag":[],"class_list":{"0":"post-4251","1":"product","2":"type-product","3":"status-publish","4":"has-post-thumbnail","6":"product_cat-aviation-de","7":"pa_boyut-450-200-300-de","8":"pa_kisi-sayisi-2-de","9":"pa_yas-8-de","11":"first","12":"instock","13":"shipping-taxable","14":"purchasable","15":"product-type-simple"},"_links":{"self":[{"href":"https:\/\/nano.tc\/de\/wp-json\/wp\/v2\/product\/4251","targetHints":{"allow":["GET"]}}],"collection":[{"href":"https:\/\/nano.tc\/de\/wp-json\/wp\/v2\/product"}],"about":[{"href":"https:\/\/nano.tc\/de\/wp-json\/wp\/v2\/types\/product"}],"wp:featuredmedia":[{"embeddable":true,"href":"https:\/\/nano.tc\/de\/wp-json\/wp\/v2\/media\/4255"}],"wp:attachment":[{"href":"https:\/\/nano.tc\/de\/wp-json\/wp\/v2\/media?parent=4251"}],"wp:term":[{"taxonomy":"product_brand","embeddable":true,"href":"https:\/\/nano.tc\/de\/wp-json\/wp\/v2\/product_brand?post=4251"},{"taxonomy":"product_cat","embeddable":true,"href":"https:\/\/nano.tc\/de\/wp-json\/wp\/v2\/product_cat?post=4251"},{"taxonomy":"product_tag","embeddable":true,"href":"https:\/\/nano.tc\/de\/wp-json\/wp\/v2\/product_tag?post=4251"}],"curies":[{"name":"wp","href":"https:\/\/api.w.org\/{rel}","templated":true}]}}