{"id":4274,"date":"2025-01-10T11:34:00","date_gmt":"2025-01-10T08:34:00","guid":{"rendered":"https:\/\/nano.tc\/urun\/gluehbirnen-typen\/"},"modified":"2025-01-10T11:34:00","modified_gmt":"2025-01-10T08:34:00","slug":"gluehbirnen-typen","status":"publish","type":"product","link":"https:\/\/nano.tc\/de\/urun\/gluehbirnen-typen\/","title":{"rendered":"Gl\u00fchbirnen-Typen"},"content":{"rendered":"","protected":false},"excerpt":{"rendered":"<p>Es handelt sich um ein Ger\u00e4t, das sich mit der Auswahl sparsamer Gl\u00fchbirnen auf der Grundlage des Stromverbrauchs der verschiedenen Gl\u00fchbirnenarten befasst. Es gibt 3 verschiedene Arten von Gl\u00fchbirnen auf dem Montagetisch: Gl\u00fchlampe, CFL (fluoreszierend), LED. Um die gleiche Menge Licht zu erzeugen, ben\u00f6tigt eine LED-Gl\u00fchbirne 9 W, eine CFL 13 W und eine Gl\u00fchbirne 60 W Strom.  <\/p>\n","protected":false},"featured_media":4275,"template":"","meta":{"inline_featured_image":false,"_joinchat":[]},"product_brand":[],"product_cat":[535],"product_tag":[],"class_list":{"0":"post-4274","1":"product","2":"type-product","3":"status-publish","4":"has-post-thumbnail","6":"product_cat-energie","7":"pa_boyut-80-170-75-de","8":"pa_kisi-sayisi-1-de","9":"pa_yas-7-de","11":"first","12":"instock","13":"shipping-taxable","14":"purchasable","15":"product-type-simple"},"_links":{"self":[{"href":"https:\/\/nano.tc\/de\/wp-json\/wp\/v2\/product\/4274","targetHints":{"allow":["GET"]}}],"collection":[{"href":"https:\/\/nano.tc\/de\/wp-json\/wp\/v2\/product"}],"about":[{"href":"https:\/\/nano.tc\/de\/wp-json\/wp\/v2\/types\/product"}],"wp:featuredmedia":[{"embeddable":true,"href":"https:\/\/nano.tc\/de\/wp-json\/wp\/v2\/media\/4275"}],"wp:attachment":[{"href":"https:\/\/nano.tc\/de\/wp-json\/wp\/v2\/media?parent=4274"}],"wp:term":[{"taxonomy":"product_brand","embeddable":true,"href":"https:\/\/nano.tc\/de\/wp-json\/wp\/v2\/product_brand?post=4274"},{"taxonomy":"product_cat","embeddable":true,"href":"https:\/\/nano.tc\/de\/wp-json\/wp\/v2\/product_cat?post=4274"},{"taxonomy":"product_tag","embeddable":true,"href":"https:\/\/nano.tc\/de\/wp-json\/wp\/v2\/product_tag?post=4274"}],"curies":[{"name":"wp","href":"https:\/\/api.w.org\/{rel}","templated":true}]}}