{"id":4292,"date":"2025-01-10T11:33:56","date_gmt":"2025-01-10T08:33:56","guid":{"rendered":"https:\/\/nano.tc\/urun\/laser-harfe\/"},"modified":"2025-01-10T11:33:56","modified_gmt":"2025-01-10T08:33:56","slug":"laser-harfe","status":"publish","type":"product","link":"https:\/\/nano.tc\/de\/urun\/laser-harfe\/","title":{"rendered":"Laser Harfe"},"content":{"rendered":"","protected":false},"excerpt":{"rendered":"<p>Der Besucher aktiviert den Schaltkreis durch Ber\u00fchren des Laserstrahls. Jeder Laser hat einen Empf\u00e4nger. Mit diesen Empf\u00e4ngern sind Harfenkl\u00e4nge mit bestimmten Noten verbunden.  <\/p>\n","protected":false},"featured_media":4296,"template":"","meta":{"inline_featured_image":false,"_joinchat":[]},"product_brand":[],"product_cat":[495],"product_tag":[],"class_list":{"0":"post-4292","1":"product","2":"type-product","3":"status-publish","4":"has-post-thumbnail","6":"product_cat-exterior","7":"pa_boyut-150-30-200-de","8":"pa_kisi-sayisi-1-de","9":"pa_yas-8-de","11":"first","12":"instock","13":"shipping-taxable","14":"purchasable","15":"product-type-simple"},"_links":{"self":[{"href":"https:\/\/nano.tc\/de\/wp-json\/wp\/v2\/product\/4292","targetHints":{"allow":["GET"]}}],"collection":[{"href":"https:\/\/nano.tc\/de\/wp-json\/wp\/v2\/product"}],"about":[{"href":"https:\/\/nano.tc\/de\/wp-json\/wp\/v2\/types\/product"}],"wp:featuredmedia":[{"embeddable":true,"href":"https:\/\/nano.tc\/de\/wp-json\/wp\/v2\/media\/4296"}],"wp:attachment":[{"href":"https:\/\/nano.tc\/de\/wp-json\/wp\/v2\/media?parent=4292"}],"wp:term":[{"taxonomy":"product_brand","embeddable":true,"href":"https:\/\/nano.tc\/de\/wp-json\/wp\/v2\/product_brand?post=4292"},{"taxonomy":"product_cat","embeddable":true,"href":"https:\/\/nano.tc\/de\/wp-json\/wp\/v2\/product_cat?post=4292"},{"taxonomy":"product_tag","embeddable":true,"href":"https:\/\/nano.tc\/de\/wp-json\/wp\/v2\/product_tag?post=4292"}],"curies":[{"name":"wp","href":"https:\/\/api.w.org\/{rel}","templated":true}]}}