{"id":4298,"date":"2025-01-10T11:33:55","date_gmt":"2025-01-10T08:33:55","guid":{"rendered":"https:\/\/nano.tc\/urun\/brueckenbau\/"},"modified":"2025-01-10T11:33:55","modified_gmt":"2025-01-10T08:33:55","slug":"brueckenbau","status":"publish","type":"product","link":"https:\/\/nano.tc\/de\/urun\/brueckenbau\/","title":{"rendered":"Br\u00fcckenbau"},"content":{"rendered":"","protected":false},"excerpt":{"rendered":"<p>Die Besucher k\u00f6nnen allein oder gemeinsam mit anderen Besuchern eine Br\u00fccke bauen, indem sie die Teile miteinander verbinden. Sie k\u00f6nnen \u00fcber die Br\u00fccke laufen. <\/p>\n","protected":false},"featured_media":4302,"template":"","meta":{"inline_featured_image":false,"_joinchat":[]},"product_brand":[],"product_cat":[495],"product_tag":[],"class_list":{"0":"post-4298","1":"product","2":"type-product","3":"status-publish","4":"has-post-thumbnail","6":"product_cat-exterior","7":"pa_boyut-250-50-70-de","8":"pa_kisi-sayisi-3-de","9":"pa_yas-8-de","11":"first","12":"instock","13":"shipping-taxable","14":"purchasable","15":"product-type-simple"},"_links":{"self":[{"href":"https:\/\/nano.tc\/de\/wp-json\/wp\/v2\/product\/4298","targetHints":{"allow":["GET"]}}],"collection":[{"href":"https:\/\/nano.tc\/de\/wp-json\/wp\/v2\/product"}],"about":[{"href":"https:\/\/nano.tc\/de\/wp-json\/wp\/v2\/types\/product"}],"wp:featuredmedia":[{"embeddable":true,"href":"https:\/\/nano.tc\/de\/wp-json\/wp\/v2\/media\/4302"}],"wp:attachment":[{"href":"https:\/\/nano.tc\/de\/wp-json\/wp\/v2\/media?parent=4298"}],"wp:term":[{"taxonomy":"product_brand","embeddable":true,"href":"https:\/\/nano.tc\/de\/wp-json\/wp\/v2\/product_brand?post=4298"},{"taxonomy":"product_cat","embeddable":true,"href":"https:\/\/nano.tc\/de\/wp-json\/wp\/v2\/product_cat?post=4298"},{"taxonomy":"product_tag","embeddable":true,"href":"https:\/\/nano.tc\/de\/wp-json\/wp\/v2\/product_tag?post=4298"}],"curies":[{"name":"wp","href":"https:\/\/api.w.org\/{rel}","templated":true}]}}